{"id":31,"date":"2023-09-06T17:24:25","date_gmt":"2023-09-06T15:24:25","guid":{"rendered":"https:\/\/cash2chat.eu\/?page_id=31"},"modified":"2023-09-06T22:19:35","modified_gmt":"2023-09-06T20:19:35","slug":"home","status":"publish","type":"page","link":"https:\/\/cash2chat.eu\/","title":{"rendered":"Cash2Chat.eu"},"content":{"rendered":"\n<div class=\"wp-block-cover alignfull is-light hestia-clear-top-padding\"><span aria-hidden=\"true\" class=\"wp-block-cover__background has-white-background-color has-background-dim-100 has-background-dim\"><\/span><div class=\"wp-block-cover__inner-container is-layout-flow wp-block-cover-is-layout-flow\">\n<h2 class=\"wp-block-heading has-text-align-center has-text-color\" style=\"color:#3c4858\">Ce que nous te proposons<\/h2>\n\n\n\n<p><\/p>\n\n\n\n<div style=\"height:40px\" aria-hidden=\"true\" class=\"wp-block-spacer\"><\/div>\n\n\n\n<div class=\"wp-block-columns container is-layout-flex wp-container-core-columns-is-layout-9d6595d7 wp-block-columns-is-layout-flex\">\n<div class=\"wp-block-column is-layout-flow wp-block-column-is-layout-flow\"><div class=\"wp-block-image\">\n<figure class=\"aligncenter size-large\"><img decoding=\"async\" src=\"https:\/\/cash2chat.eu\/wp-content\/themes\/hestia\/assets\/img\/feat1.png\" alt=\"\" class=\"wp-image-70\"\/><\/figure>\n<\/div>\n\n\n<h5 class=\"wp-block-heading has-text-align-center has-text-color\" style=\"color:#3c4858;font-size:18px\"><\/h5>\n\n\n\n<p class=\"has-text-align-center has-text-color\" style=\"color:#999999;font-size:14px\"><strong>T\u00e9l\u00e9travaille <\/strong>et gagne de l\u2019argent quand tu veux <strong>ou que tu sois<\/strong> ! Aucune contrainte d\u2019horaire, tu te connectes<strong> quand tu veux<\/strong> en fonction de tes disponibilit\u00e9s !&nbsp;&nbsp;&nbsp;&nbsp;&nbsp;&nbsp;&nbsp;&nbsp;&nbsp;&nbsp;&nbsp;&nbsp;<\/p>\n\n\n\n<div style=\"height:25px\" aria-hidden=\"true\" class=\"wp-block-spacer\"><\/div>\n<\/div>\n\n\n\n<div class=\"wp-block-column is-layout-flow wp-block-column-is-layout-flow\"><div class=\"wp-block-image\">\n<figure class=\"aligncenter size-large\"><img decoding=\"async\" src=\"https:\/\/cash2chat.eu\/wp-content\/themes\/hestia\/assets\/img\/feat2.png\" alt=\"\" class=\"wp-image-71\"\/><\/figure>\n<\/div>\n\n\n<h5 class=\"wp-block-heading has-text-align-center has-text-color\" style=\"color:#3c4858;font-size:18px\"><\/h5>\n\n\n\n<p class=\"has-text-align-center has-text-color\" style=\"color:#999999;font-size:14px\">Que tu aimes voyager ou rester dans ton canap\u00e9\u2026 Que tu soies assis devant un bureau ou bloqu\u00e9 dans les transports en commun\u2026Tu peux <strong>rentabiliser ton temps<\/strong> et <strong>gagner de l\u2019argent !<\/strong>&nbsp;&nbsp;&nbsp;&nbsp;&nbsp;&nbsp;&nbsp;&nbsp;&nbsp;&nbsp;&nbsp;&nbsp;<\/p>\n\n\n\n<div style=\"height:25px\" aria-hidden=\"true\" class=\"wp-block-spacer\"><\/div>\n<\/div>\n\n\n\n<div class=\"wp-block-column is-layout-flow wp-block-column-is-layout-flow\"><div class=\"wp-block-image\">\n<figure class=\"aligncenter size-large\"><img decoding=\"async\" src=\"https:\/\/cash2chat.eu\/wp-content\/themes\/hestia\/assets\/img\/feat3.png\" alt=\"\" class=\"wp-image-72\"\/><\/figure>\n<\/div>\n\n\n<h5 class=\"wp-block-heading has-text-align-center has-text-color\" style=\"color:#3c4858;font-size:18px\"><\/h5>\n\n\n\n<p class=\"has-text-align-center has-text-color\" style=\"color:#999999;font-size:14px\">Nous t\u2019offrons en \u00e9change une <strong>activit\u00e9 simple et particuli\u00e8rement ludique<\/strong>. Cerise sur le g\u00e2teau, nos tarifs de <strong>r\u00e9mun\u00e9ration <\/strong>sont v\u00e9ritablement <strong>les plus \u00e9lev\u00e9s du march\u00e9 !&nbsp;<\/strong>&nbsp;&nbsp;&nbsp;&nbsp;&nbsp;&nbsp;&nbsp;&nbsp;&nbsp;&nbsp;&nbsp;&nbsp;&nbsp;&nbsp;<\/p>\n\n\n\n<div style=\"height:25px\" aria-hidden=\"true\" class=\"wp-block-spacer\"><\/div>\n<\/div>\n<\/div>\n\n\n\n<div style=\"height:40px\" aria-hidden=\"true\" class=\"wp-block-spacer\"><\/div>\n<\/div><\/div>\n\n\n\n<div class=\"wp-block-columns container is-layout-flex wp-container-core-columns-is-layout-9d6595d7 wp-block-columns-is-layout-flex\">\n<div class=\"wp-block-column col-md-5 is-layout-flow wp-block-column-is-layout-flow\">\n<div style=\"height:55px\" aria-hidden=\"true\" class=\"wp-block-spacer\"><\/div>\n\n\n\n<h2 class=\"wp-block-heading\">Qui sommes nous ?<\/h2>\n\n\n\n<p>Nous existons depuis 2007 et nous entendons bien poursuivre nos activit\u00e9s en conservant la m\u00eame ligne de conduite exemplaire.<\/p>\n\n\n\n<p>Notre soci\u00e9t\u00e9 est bas\u00e9e en Belgique \u00e0 Bruxelles.<\/p>\n\n\n\n<p>Nos activit\u00e9s incluant des partenariats dans la mod\u00e9ration de sites de chat tout public ou de l&rsquo;animation pour des sites adultes ont commenc\u00e9 depuis notre lancement.<\/p>\n\n\n\n<p>Depuis nous avons vu bon nombre de nos concurrents \u00e9tablir des d\u00e9localisations afin de recruter du personnel dans des conditions pr\u00e9caires, nous avons toujours&nbsp; refus\u00e9 de consentir \u00e0 l&rsquo;utilisation de telles pratiques ayant pour seul but de profiter du dumping social aiguisant les in\u00e9galit\u00e9s entre personnes !<\/p>\n\n\n\n<p>C&rsquo;est pour cette raison que notre activit\u00e9 est r\u00e9mun\u00e9r\u00e9e de fa\u00e7on \u00e9quivalente, que vous soyez habitant en France, en Russie, au Costa Rica,&#8230;<\/p>\n\n\n\n<p>Apr\u00e8s autant d&rsquo;ann\u00e9es d&rsquo;exp\u00e9riences, notre motivation est la satisfaction de tous nos collaborateurs, c&rsquo;est donc dans cette optique que notre plateforme C2C \u00e0 vu le jour.<\/p>\n<\/div>\n<\/div>\n","protected":false},"excerpt":{"rendered":"<p>Qui sommes nous ? Nous existons depuis 2007 et nous entendons bien poursuivre nos activit\u00e9s en conservant la m\u00eame ligne de conduite exemplaire. Notre soci\u00e9t\u00e9 est bas\u00e9e en Belgique \u00e0 Bruxelles. Nos activit\u00e9s incluant des partenariats dans la mod\u00e9ration de sites de chat tout public ou de l&rsquo;animation pour des [&hellip;]<\/p>\n","protected":false},"author":1,"featured_media":110,"parent":0,"menu_order":0,"comment_status":"closed","ping_status":"closed","template":"","meta":{"om_disable_all_campaigns":false,"_monsterinsights_skip_tracking":false,"_monsterinsights_sitenote_active":false,"_monsterinsights_sitenote_note":"","_monsterinsights_sitenote_category":0,"footnotes":""},"class_list":["post-31","page","type-page","status-publish","has-post-thumbnail","hentry"],"aioseo_notices":[],"_links":{"self":[{"href":"https:\/\/cash2chat.eu\/index.php\/wp-json\/wp\/v2\/pages\/31","targetHints":{"allow":["GET"]}}],"collection":[{"href":"https:\/\/cash2chat.eu\/index.php\/wp-json\/wp\/v2\/pages"}],"about":[{"href":"https:\/\/cash2chat.eu\/index.php\/wp-json\/wp\/v2\/types\/page"}],"author":[{"embeddable":true,"href":"https:\/\/cash2chat.eu\/index.php\/wp-json\/wp\/v2\/users\/1"}],"replies":[{"embeddable":true,"href":"https:\/\/cash2chat.eu\/index.php\/wp-json\/wp\/v2\/comments?post=31"}],"version-history":[{"count":6,"href":"https:\/\/cash2chat.eu\/index.php\/wp-json\/wp\/v2\/pages\/31\/revisions"}],"predecessor-version":[{"id":112,"href":"https:\/\/cash2chat.eu\/index.php\/wp-json\/wp\/v2\/pages\/31\/revisions\/112"}],"wp:featuredmedia":[{"embeddable":true,"href":"https:\/\/cash2chat.eu\/index.php\/wp-json\/wp\/v2\/media\/110"}],"wp:attachment":[{"href":"https:\/\/cash2chat.eu\/index.php\/wp-json\/wp\/v2\/media?parent=31"}],"curies":[{"name":"wp","href":"https:\/\/api.w.org\/{rel}","templated":true}]}}